{"id":2225,"date":"2022-10-09T16:31:11","date_gmt":"2022-10-09T14:31:11","guid":{"rendered":"http:\/\/www.nordloireroller.fr\/?page_id=2225"},"modified":"2025-10-24T16:35:06","modified_gmt":"2025-10-24T14:35:06","slug":"ecole-de-hockey","status":"publish","type":"page","link":"https:\/\/www.nordloireroller.fr\/?page_id=2225","title":{"rendered":"\u00c9cole de roller hockey"},"content":{"rendered":"\n<h1 class=\"wp-block-heading has-pale-cyan-blue-color has-text-color has-link-color wp-elements-d5839b2a7e37bd1439c5a416e20720cc\"><strong>\u00c9cole de Roller Hockey<\/strong><\/h1>\n\n\n\n<figure class=\"wp-block-image size-large\"><img loading=\"lazy\" decoding=\"async\" width=\"1024\" height=\"320\" src=\"https:\/\/www.nordloireroller.fr\/wp-content\/uploads\/2022\/10\/roller-hockey-enfant-1024x320.jpg\" alt=\"\" class=\"wp-image-2262\" srcset=\"https:\/\/www.nordloireroller.fr\/wp-content\/uploads\/2022\/10\/roller-hockey-enfant-1024x320.jpg 1024w, https:\/\/www.nordloireroller.fr\/wp-content\/uploads\/2022\/10\/roller-hockey-enfant-300x94.jpg 300w, https:\/\/www.nordloireroller.fr\/wp-content\/uploads\/2022\/10\/roller-hockey-enfant-768x240.jpg 768w, https:\/\/www.nordloireroller.fr\/wp-content\/uploads\/2022\/10\/roller-hockey-enfant-1536x480.jpg 1536w, https:\/\/www.nordloireroller.fr\/wp-content\/uploads\/2022\/10\/roller-hockey-enfant-128x40.jpg 128w, https:\/\/www.nordloireroller.fr\/wp-content\/uploads\/2022\/10\/roller-hockey-enfant-32x10.jpg 32w, https:\/\/www.nordloireroller.fr\/wp-content\/uploads\/2022\/10\/roller-hockey-enfant-98x31.jpg 98w, https:\/\/www.nordloireroller.fr\/wp-content\/uploads\/2022\/10\/roller-hockey-enfant.jpg 1920w\" sizes=\"auto, (max-width: 1024px) 100vw, 1024px\" \/><\/figure>\n\n\n\n<p>&nbsp;<\/p>\n\n\n\n<p>&nbsp;<\/p>\n\n\n\n<p class=\"has-white-color has-text-color has-link-color wp-elements-c645e628e62f8fbab9d9726851472d16\"><\/p>\n\n\n\n<p class=\"has-text-align-left has-white-color has-text-color has-link-color wp-elements-1ea857b32ef33ea1d3b757c968e431a2\">L&rsquo;apprentissage du roller hockey au sein du club est \u00e0 la fois technique, strat\u00e9gique, sportif, le tout dans une ambiance de camaraderie.<\/p>\n\n\n\n<p class=\"has-white-color has-text-color has-link-color wp-elements-c03fd12bb8efc46975819dc6e55744ee\">Nord Loire Roller accueille l&rsquo;\u00e9quipe de Roller Hockey \u00ab\u00a0Les Corbeaux\u00a0\u00bb et propose 2 sections : une section Ecole de Roller Hockey (pour les jeunes de 9 \u00e0 15 ans, avec un premier niveau de patinage) et une section Roller Hockey adultes (\u00e0 partir de 15 ans, pour d\u00e9butants et confirm\u00e9s).<\/p>\n\n\n\n<p class=\"has-white-color has-text-color has-link-color wp-elements-16c2e0fbeb812fa0f5ea7de770256d47\">Diff\u00e9rents \u00e9v\u00e8nements sont organis\u00e9s durant la saison (dont des tournois de Roller Hockey loisir).<\/p>\n\n\n\n<p class=\"has-white-color has-text-color has-link-color wp-elements-f328cc970aed693f3614eae0e85f838b\">Cat\u00e9gorie d\u2019\u00e2ges: de 9 \u00e0 16 ans, avec un premier niveau de patinage<\/p>\n\n\n\n<p class=\"has-white-color has-text-color has-link-color wp-elements-05793bd9a64009d038c940675a9126c9\">Entrainements \u00e9cole hockey \u00e0 Fay de Bretagne (gymnase) le mercredi de 18h30 \u00e0 20h, de d\u00e9but Septembre \u00e0 fin Juin, hors vacances scolaires<\/p>\n\n\n\n<p>&nbsp;<\/p>\n","protected":false},"excerpt":{"rendered":"<p>\u00c9cole de Roller Hockey &nbsp; &nbsp; L&rsquo;apprentissage du roller hockey au sein du club est \u00e0 la fois technique, strat\u00e9gique, sportif, le tout dans une ambiance de camaraderie. Nord Loire Roller accueille l&rsquo;\u00e9quipe de Roller Hockey \u00ab\u00a0Les Corbeaux\u00a0\u00bb et propose 2 sections : une section Ecole de Roller Hockey (pour les jeunes de 9 \u00e0 [&hellip;]<\/p>\n","protected":false},"author":1,"featured_media":2262,"parent":0,"menu_order":0,"comment_status":"closed","ping_status":"closed","template":"","meta":{"footnotes":""},"class_list":["post-2225","page","type-page","status-publish","has-post-thumbnail","hentry"],"_links":{"self":[{"href":"https:\/\/www.nordloireroller.fr\/index.php?rest_route=\/wp\/v2\/pages\/2225","targetHints":{"allow":["GET"]}}],"collection":[{"href":"https:\/\/www.nordloireroller.fr\/index.php?rest_route=\/wp\/v2\/pages"}],"about":[{"href":"https:\/\/www.nordloireroller.fr\/index.php?rest_route=\/wp\/v2\/types\/page"}],"author":[{"embeddable":true,"href":"https:\/\/www.nordloireroller.fr\/index.php?rest_route=\/wp\/v2\/users\/1"}],"replies":[{"embeddable":true,"href":"https:\/\/www.nordloireroller.fr\/index.php?rest_route=%2Fwp%2Fv2%2Fcomments&post=2225"}],"version-history":[{"count":14,"href":"https:\/\/www.nordloireroller.fr\/index.php?rest_route=\/wp\/v2\/pages\/2225\/revisions"}],"predecessor-version":[{"id":2609,"href":"https:\/\/www.nordloireroller.fr\/index.php?rest_route=\/wp\/v2\/pages\/2225\/revisions\/2609"}],"wp:featuredmedia":[{"embeddable":true,"href":"https:\/\/www.nordloireroller.fr\/index.php?rest_route=\/wp\/v2\/media\/2262"}],"wp:attachment":[{"href":"https:\/\/www.nordloireroller.fr\/index.php?rest_route=%2Fwp%2Fv2%2Fmedia&parent=2225"}],"curies":[{"name":"wp","href":"https:\/\/api.w.org\/{rel}","templated":true}]}}