{"id":2402,"date":"2024-09-04T15:59:41","date_gmt":"2024-09-04T13:59:41","guid":{"rendered":"http:\/\/www.nordloireroller.fr\/?page_id=2402"},"modified":"2025-10-24T16:31:32","modified_gmt":"2025-10-24T14:31:32","slug":"ecole-de-freestyle","status":"publish","type":"page","link":"https:\/\/www.nordloireroller.fr\/?page_id=2402","title":{"rendered":"Ecole de freestyle"},"content":{"rendered":"<h1 style=\"text-align: center;\"><span style=\"color: #f7940a;\"><img loading=\"lazy\" decoding=\"async\" class=\"aligncenter  wp-image-2409\" src=\"https:\/\/www.nordloireroller.fr\/wp-content\/uploads\/2024\/09\/pexels-hikaique-37821-1024x683.jpg\" alt=\"\" width=\"896\" height=\"597\" srcset=\"https:\/\/www.nordloireroller.fr\/wp-content\/uploads\/2024\/09\/pexels-hikaique-37821-1024x683.jpg 1024w, https:\/\/www.nordloireroller.fr\/wp-content\/uploads\/2024\/09\/pexels-hikaique-37821-300x200.jpg 300w, https:\/\/www.nordloireroller.fr\/wp-content\/uploads\/2024\/09\/pexels-hikaique-37821-768x512.jpg 768w, https:\/\/www.nordloireroller.fr\/wp-content\/uploads\/2024\/09\/pexels-hikaique-37821-1536x1024.jpg 1536w, https:\/\/www.nordloireroller.fr\/wp-content\/uploads\/2024\/09\/pexels-hikaique-37821-2048x1365.jpg 2048w, https:\/\/www.nordloireroller.fr\/wp-content\/uploads\/2024\/09\/pexels-hikaique-37821-128x85.jpg 128w, https:\/\/www.nordloireroller.fr\/wp-content\/uploads\/2024\/09\/pexels-hikaique-37821-32x21.jpg 32w, https:\/\/www.nordloireroller.fr\/wp-content\/uploads\/2024\/09\/pexels-hikaique-37821-360x240.jpg 360w, https:\/\/www.nordloireroller.fr\/wp-content\/uploads\/2024\/09\/pexels-hikaique-37821-98x65.jpg 98w\" sizes=\"auto, (max-width: 896px) 100vw, 896px\" \/>Ecole de freestyle<\/span><\/h1>\n<p><span style=\"color: #ffffff;\">Le roller freestyle poss\u00e8de plusieurs disciplines, combinant technique, agilit\u00e9, cr\u00e9ativit\u00e9. <\/span><\/p>\n<p><span style=\"color: #ffffff;\">Le roller freestyle se d\u00e9cline en 3 sous-disciplines : <\/span><\/p>\n<p><span style=\"color: #ffffff;\">le slalom (vitesse, figure), le freedride (skatecross, hauteur pure), l&rsquo;acrobatique (street, bowl, rampe)<br \/>\n<\/span><\/p>\n<p><span style=\"color: #ffffff;\">derni\u00e8re section arriv\u00e9e au club du Nord Loire Roller, les cours sont anim\u00e9s par un entraineur licenci\u00e9 F\u00e9d\u00e9ration Fran\u00e7aise de Roller Skating.<\/span><\/p>\n<p><span style=\"color: #ffffff;\">Cat\u00e9gorie d&rsquo;\u00e2ges : 9 \u00e0 16 ans<\/span><\/p>\n<p><span style=\"color: #ffffff;\">Les cours ont lieu \u00e0 Fay de Bretagne le jeudi de 19h00 \u00e0 20h00<\/span><\/p>\n","protected":false},"excerpt":{"rendered":"<p>Ecole de freestyle Le roller freestyle poss\u00e8de plusieurs disciplines, combinant technique, agilit\u00e9, cr\u00e9ativit\u00e9. Le roller freestyle se d\u00e9cline en 3 sous-disciplines : le slalom (vitesse, figure), le freedride (skatecross, hauteur pure), l&rsquo;acrobatique (street, bowl, rampe) derni\u00e8re section arriv\u00e9e au club du Nord Loire Roller, les cours sont anim\u00e9s par un entraineur licenci\u00e9 F\u00e9d\u00e9ration Fran\u00e7aise de [&hellip;]<\/p>\n","protected":false},"author":1,"featured_media":0,"parent":0,"menu_order":0,"comment_status":"closed","ping_status":"closed","template":"","meta":{"footnotes":""},"class_list":["post-2402","page","type-page","status-publish","hentry"],"_links":{"self":[{"href":"https:\/\/www.nordloireroller.fr\/index.php?rest_route=\/wp\/v2\/pages\/2402","targetHints":{"allow":["GET"]}}],"collection":[{"href":"https:\/\/www.nordloireroller.fr\/index.php?rest_route=\/wp\/v2\/pages"}],"about":[{"href":"https:\/\/www.nordloireroller.fr\/index.php?rest_route=\/wp\/v2\/types\/page"}],"author":[{"embeddable":true,"href":"https:\/\/www.nordloireroller.fr\/index.php?rest_route=\/wp\/v2\/users\/1"}],"replies":[{"embeddable":true,"href":"https:\/\/www.nordloireroller.fr\/index.php?rest_route=%2Fwp%2Fv2%2Fcomments&post=2402"}],"version-history":[{"count":29,"href":"https:\/\/www.nordloireroller.fr\/index.php?rest_route=\/wp\/v2\/pages\/2402\/revisions"}],"predecessor-version":[{"id":2607,"href":"https:\/\/www.nordloireroller.fr\/index.php?rest_route=\/wp\/v2\/pages\/2402\/revisions\/2607"}],"wp:attachment":[{"href":"https:\/\/www.nordloireroller.fr\/index.php?rest_route=%2Fwp%2Fv2%2Fmedia&parent=2402"}],"curies":[{"name":"wp","href":"https:\/\/api.w.org\/{rel}","templated":true}]}}