{"id":612,"date":"2016-05-05T10:36:13","date_gmt":"2016-05-05T10:36:13","guid":{"rendered":"https:\/\/splash.stylemixthemes.com\/demo\/?page_id=612"},"modified":"2025-12-22T09:31:58","modified_gmt":"2025-12-22T08:31:58","slug":"about-club","status":"publish","type":"page","link":"https:\/\/www.nordloireroller.fr\/","title":{"rendered":"Vie du club"},"content":{"rendered":"<p>[vc_row full_width=\u00a0\u00bbstretch_row\u00a0\u00bb css=\u00a0\u00bb.vc_custom_1564728688256{background-color: #ffffff !important;}\u00a0\u00bb][vc_column width=\u00a0\u00bb1\/2&Prime; css=\u00a0\u00bb.vc_custom_1462531430496{padding-top: 0px !important;}\u00a0\u00bb][vc_column_text css=\u00a0\u00bb.vc_custom_1725892230851{margin-bottom: 23px !important;}\u00a0\u00bb]&nbsp;<\/p>\n<p>Depuis plus 20 ans le club du Nord Loire Roller continue d\u2019exister, chaque ann\u00e9e de nouveaux adh\u00e9rents de tous \u00e2ges viennent prendre plaisir \u00e0 patiner au sein du club. Reconnu dans le milieu sportif du Nord Loire, le NLR b\u00e9n\u00e9ficie de plusieurs sections.<\/p>\n<p>&nbsp;[\/vc_column_text][vc_column_text css=\u00a0\u00bb.vc_custom_1725892389549{margin-bottom: 25px !important;}\u00a0\u00bb]<\/p>\n<p style=\"text-align: center;\"><strong><em>Adultes et enfants peuvent s\u2019\u00e9panouir selon leurs envies<\/em><\/strong><\/p>\n<p>&nbsp;[\/vc_column_text][vc_column_text css=\u00a0\u00bb.vc_custom_1766391902979{margin-bottom: 44px !important;}\u00a0\u00bb]Le club est pr\u00e9sent sur tous les domaines du patinage, course, freestyle, hockey, rando. Depuis 2001, de nombreux patineurs ont fait connaitre le NLR dans les comp\u00e9titions d\u00e9partementales, r\u00e9gionales, championnats de France, coupes de France.[\/vc_column_text][vc_column_text css=\u00a0\u00bb.vc_custom_1725889344880{margin-bottom: 20px !important;}\u00a0\u00bb]<\/p>\n<h4>un club qui se veut avant tout familiale<\/h4>\n<p>[\/vc_column_text][vc_column_text]Depuis quelques ann\u00e9es l&rsquo;accent est mis sur la joie de patiner, retrouver les sensations de la glisse avec plaisir. Deux entraineurs professionnels viennent compl\u00e9ter les effectifs, dont<strong> l&rsquo;entraineur de l&rsquo;\u00e9quipe de France freestyle<\/strong>. Le Nord Loire Roller propose deux fois par an, les traditionnelles Disco-Roller\u00a0 qui ont lieu aux alentours de Novembre et Juin. Moment convivial qui permet au public de venir patiner et danser.[\/vc_column_text][\/vc_column][vc_column width=\u00a0\u00bb1\/2&Prime; css=\u00a0\u00bb.vc_custom_1564997312666{padding-top: 0px !important;}\u00a0\u00bb][vc_single_image image=\u00a0\u00bb2403&Prime; img_size=\u00a0\u00bbfull\u00a0\u00bb onclick=\u00a0\u00bblink_image\u00a0\u00bb css_animation=\u00a0\u00bbright-to-left\u00a0\u00bb][vc_column_text css=\u00a0\u00bb.vc_custom_1725890756670{margin-bottom: 22px !important;}\u00a0\u00bb]<strong><em>In the air avec NLR<\/em><\/strong><\/p>\n<p>&nbsp;[\/vc_column_text][vc_column_text css=\u00a0\u00bb.vc_custom_1725890662263{margin-bottom: 25px !important;}\u00a0\u00bb]Depuis septembre 2024, une nouvelle section fait son arriv\u00e9e au Nord Loire Roller :\u00a0 le freestyle<\/p>\n<p>Anim\u00e9 par St\u00e9phane[\/vc_column_text][\/vc_column][\/vc_row]<\/p>\n","protected":false},"excerpt":{"rendered":"<p>[vc_row full_width=\u00a0\u00bbstretch_row\u00a0\u00bb css=\u00a0\u00bb.vc_custom_1564728688256{background-color: #ffffff !important;}\u00a0\u00bb][vc_column width=\u00a0\u00bb1\/2&Prime; css=\u00a0\u00bb.vc_custom_1462531430496{padding-top: 0px !important;}\u00a0\u00bb][vc_column_text css=\u00a0\u00bb.vc_custom_1725892230851{margin-bottom: 23px !important;}\u00a0\u00bb]&nbsp; Depuis plus 20 ans le club du Nord Loire Roller continue d\u2019exister, chaque ann\u00e9e de nouveaux adh\u00e9rents de tous \u00e2ges viennent prendre plaisir \u00e0 patiner au sein du club. Reconnu dans le milieu sportif du Nord Loire, le NLR b\u00e9n\u00e9ficie de plusieurs sections. [&hellip;]<\/p>\n","protected":false},"author":1,"featured_media":0,"parent":0,"menu_order":0,"comment_status":"closed","ping_status":"closed","template":"","meta":{"footnotes":""},"class_list":["post-612","page","type-page","status-publish","hentry"],"_links":{"self":[{"href":"https:\/\/www.nordloireroller.fr\/index.php?rest_route=\/wp\/v2\/pages\/612","targetHints":{"allow":["GET"]}}],"collection":[{"href":"https:\/\/www.nordloireroller.fr\/index.php?rest_route=\/wp\/v2\/pages"}],"about":[{"href":"https:\/\/www.nordloireroller.fr\/index.php?rest_route=\/wp\/v2\/types\/page"}],"author":[{"embeddable":true,"href":"https:\/\/www.nordloireroller.fr\/index.php?rest_route=\/wp\/v2\/users\/1"}],"replies":[{"embeddable":true,"href":"https:\/\/www.nordloireroller.fr\/index.php?rest_route=%2Fwp%2Fv2%2Fcomments&post=612"}],"version-history":[{"count":17,"href":"https:\/\/www.nordloireroller.fr\/index.php?rest_route=\/wp\/v2\/pages\/612\/revisions"}],"predecessor-version":[{"id":2641,"href":"https:\/\/www.nordloireroller.fr\/index.php?rest_route=\/wp\/v2\/pages\/612\/revisions\/2641"}],"wp:attachment":[{"href":"https:\/\/www.nordloireroller.fr\/index.php?rest_route=%2Fwp%2Fv2%2Fmedia&parent=612"}],"curies":[{"name":"wp","href":"https:\/\/api.w.org\/{rel}","templated":true}]}}